{"id":106087,"date":"2025-03-21T07:44:22","date_gmt":"2025-03-21T06:44:22","guid":{"rendered":"https:\/\/www.gso.se\/?page_id=106087"},"modified":"2026-02-20T08:06:07","modified_gmt":"2026-02-20T07:06:07","slug":"arno-tri-pramudia-season-2025-2026","status":"publish","type":"page","link":"https:\/\/www.gso.se\/en\/arno-tri-pramudia-season-2025-2026\/","title":{"rendered":"Arno Tri Pramudia &#8211; s\u00e4song 2025-2026 ENG"},"content":{"rendered":"<p>I love the piece Ib\u00e9ria by Claude Debussy. Like no one else, he manages to evoke emotions and impressions. He paints a vivid picture of life in a Spanish village: the streets and parks, the scents in the warm night, and then the morning preparations for a celebration. You can hear tambourines, timpani, and castanets. The three scenes flow seamlessly into one another.<\/p>\n<p>I played Ib\u00e9ria with a youth orchestra on tour in Alicante and Madrid. Afterwards, we went out in the streets and felt the same exciting atmosphere as in the music.<\/p>\n<p><img loading=\"lazy\" decoding=\"async\" src=\"https:\/\/www.gso.se\/wp-content\/uploads\/2025\/03\/gso-2526-arno03391-2-1920x1254-foto-nadim-elazzeh.jpg\" alt=\"Man spelar trombon mot en m\u00f6rk bakgrund med gl\u00f6dlampor.\" width=\"1920\" height=\"1254\" class=\"alignnone size-full\" \/><\/p>\n<p>Debussy really pushed his boundaries when he wrote about Spain, as he had hardly been there! But even his Spanish colleagues said that he truly &#8220;nailed it&#8221;. At the beginning of the 20th century, more and more people became curious about orchestral music from Spain. It was no longer just Germany and France that were in the spotlight.<\/p>\n<p>As a Belgian musician, Debussy is important to me, as Belgium is heavily influenced by French culture. I enjoy looking at paintings by the Impressionists in art museums while listening to Ib\u00e9ria at the same time. It enhances the experience.<\/p>\n<p><iframe loading=\"lazy\" title=\"Arno Tri Pramudia | S\u00e4song 2025-2026\" width=\"500\" height=\"281\" src=\"https:\/\/www.youtube.com\/embed\/_hO3hH_BRTI?feature=oembed\" frameborder=\"0\" allow=\"accelerometer; autoplay; clipboard-write; encrypted-media; gyroscope; picture-in-picture; web-share\" referrerpolicy=\"strict-origin-when-cross-origin\" allowfullscreen><\/iframe><\/p>\n<p>Arno Tri Pramudia<br \/>\nTrombone, Gothenburg Symphony Orchestra<\/p>\n<p><em>In the video Arno plays Song to the Moon by Anton\u00edn Dvo\u0159\u00e1k from the opera Rusalka.<\/em><\/p>\n","protected":false},"excerpt":{"rendered":"<p>I love the piece Ib\u00e9ria by Claude Debussy. Like no one else, he manages to evoke emotions and impressions. He paints a vivid picture of life in a Spanish village: the streets and parks, the scents in the warm night, and then the morning preparations for a celebration. You can hear tambourines, timpani, and castanets.<\/p>\n","protected":false},"author":2,"featured_media":0,"parent":0,"menu_order":0,"comment_status":"closed","ping_status":"closed","template":"templates\/standard-large-image.php","meta":{"_acf_changed":false,"footnotes":""},"class_list":["post-106087","page","type-page","status-publish","hentry"],"acf":[],"publishpress_future_action":{"enabled":false,"date":"2026-05-15 12:27:06","action":"change-status","newStatus":"draft","terms":[],"taxonomy":"translation_priority"},"publishpress_future_workflow_manual_trigger":{"enabledWorkflows":[]},"_links":{"self":[{"href":"https:\/\/www.gso.se\/en\/wp-json\/wp\/v2\/pages\/106087","targetHints":{"allow":["GET"]}}],"collection":[{"href":"https:\/\/www.gso.se\/en\/wp-json\/wp\/v2\/pages"}],"about":[{"href":"https:\/\/www.gso.se\/en\/wp-json\/wp\/v2\/types\/page"}],"author":[{"embeddable":true,"href":"https:\/\/www.gso.se\/en\/wp-json\/wp\/v2\/users\/2"}],"replies":[{"embeddable":true,"href":"https:\/\/www.gso.se\/en\/wp-json\/wp\/v2\/comments?post=106087"}],"version-history":[{"count":10,"href":"https:\/\/www.gso.se\/en\/wp-json\/wp\/v2\/pages\/106087\/revisions"}],"predecessor-version":[{"id":115207,"href":"https:\/\/www.gso.se\/en\/wp-json\/wp\/v2\/pages\/106087\/revisions\/115207"}],"wp:attachment":[{"href":"https:\/\/www.gso.se\/en\/wp-json\/wp\/v2\/media?parent=106087"}],"curies":[{"name":"wp","href":"https:\/\/api.w.org\/{rel}","templated":true}]}}