{"id":116890,"date":"2026-03-04T14:43:34","date_gmt":"2026-03-04T13:43:34","guid":{"rendered":"https:\/\/www.gso.se\/taylor-abbitt-sasong-2026-2027\/"},"modified":"2026-04-22T10:28:08","modified_gmt":"2026-04-22T08:28:08","slug":"taylor-abbitt-season-2026-2027","status":"publish","type":"page","link":"https:\/\/www.gso.se\/en\/taylor-abbitt-season-2026-2027\/","title":{"rendered":"Taylor Abbitt season 2026-2027"},"content":{"rendered":"<p>I grew up in a small town in the United States. People don\u2019t often leave. But through music, I was able to travel and see other countries. It gave me new perspectives on what was possible. And then I saw a picture of a musician walking along cobbled streets in Prague with a double bass on his back. It looked so cool, so striking. I thought: that\u2019s what I want to do.<\/p>\n<p>As a double bassist, you learn to take on a supporting role. You can guide where a phrase is heading. But for me, the ideal is to be connected to everything happening in the orchestra. The double bass can sound in so many different ways. I can create warm sounds, unusual sounds, tones with different frequencies, and resonance that almost no other instrument can match. I can almost \u201cshake\u201d the room. You can actually feel the sound.<\/p>\n<p><img loading=\"lazy\" decoding=\"async\" src=\"https:\/\/www.gso.se\/wp-content\/uploads\/2026\/03\/detalj-kontrabas-gso-2627-taylor00245-foto-nadim-elazzeh.jpg\" alt=\"Toppen p\u00e5 en kontrabas fotad mot r\u00f6d bakgrund med b\u00f6ljande vita tyger.\" width=\"1920\" height=\"1254\" class=\"alignnone size-full\" \/><\/p>\n<p>Music can offer a space for reflection. You are invited to pause and take in the moment. It is a universal language \u2013 we musicians can all read and play the same thing. Almost all great composers have lived difficult lives. It reminds me that no one is perfect. And that does not necessarily make the music heavy; it simply makes it deeper. Like a search for something. It gives it greater meaning.<\/p>\n<p>Taylor Abbitt<br \/>\nDouble bass, Gothenburg Symphony Orchestra<\/p>\n","protected":false},"excerpt":{"rendered":"<p>I grew up in a small town in the United States. People don\u2019t often leave. But through music, I was able to travel and see other countries. It gave me new perspectives on what was possible. And then I saw a picture of a musician walking along cobbled streets in Prague with a double bass<\/p>\n","protected":false},"author":2,"featured_media":0,"parent":0,"menu_order":0,"comment_status":"closed","ping_status":"closed","template":"templates\/standard-large-image.php","meta":{"_acf_changed":false,"footnotes":""},"class_list":["post-116890","page","type-page","status-publish","hentry"],"acf":[],"publishpress_future_action":{"enabled":false,"date":"2026-05-23 23:03:11","action":"change-status","newStatus":"draft","terms":[],"taxonomy":"translation_priority"},"publishpress_future_workflow_manual_trigger":{"enabledWorkflows":[]},"_links":{"self":[{"href":"https:\/\/www.gso.se\/en\/wp-json\/wp\/v2\/pages\/116890","targetHints":{"allow":["GET"]}}],"collection":[{"href":"https:\/\/www.gso.se\/en\/wp-json\/wp\/v2\/pages"}],"about":[{"href":"https:\/\/www.gso.se\/en\/wp-json\/wp\/v2\/types\/page"}],"author":[{"embeddable":true,"href":"https:\/\/www.gso.se\/en\/wp-json\/wp\/v2\/users\/2"}],"replies":[{"embeddable":true,"href":"https:\/\/www.gso.se\/en\/wp-json\/wp\/v2\/comments?post=116890"}],"version-history":[{"count":4,"href":"https:\/\/www.gso.se\/en\/wp-json\/wp\/v2\/pages\/116890\/revisions"}],"predecessor-version":[{"id":117595,"href":"https:\/\/www.gso.se\/en\/wp-json\/wp\/v2\/pages\/116890\/revisions\/117595"}],"wp:attachment":[{"href":"https:\/\/www.gso.se\/en\/wp-json\/wp\/v2\/media?parent=116890"}],"curies":[{"name":"wp","href":"https:\/\/api.w.org\/{rel}","templated":true}]}}