{"id":45019,"date":"2019-12-13T09:00:24","date_gmt":"2019-12-13T08:00:24","guid":{"rendered":"https:\/\/www.gso.se\/barn-unga\/vagus\/"},"modified":"2026-04-14T14:34:29","modified_gmt":"2026-04-14T12:34:29","slug":"vagus","status":"publish","type":"page","link":"https:\/\/www.gso.se\/en\/children-youth\/play-and-sing-with-us\/vagus\/","title":{"rendered":"V\u00e4gus"},"content":{"rendered":"<p>Famous pieces or magnificent symphonies &#8211; in the hands of V\u00c4GUS the music always is performed with the unmistakable desire and energy that has become their special characteristic. The musicians are between the ages of 14 and 23, and for many, V\u00c4GUS becomes a memory for life.<\/p>\n<p><img loading=\"lazy\" decoding=\"async\" src=\"https:\/\/www.gso.se\/wp-content\/uploads\/2026\/04\/vagus-251920x1254-1.jpg\" alt=\"Ungdomar i en symfoniorkester med blickarna mot dirigenten.\" width=\"1920\" height=\"1254\" class=\"alignnone size-full\" \/><\/p>\n<p>Each spring and autumn term, the orchestra gathers for a couple of weekends for intensive rehearsals together with conductor Andreas Hanson. The days are filled with fun and community and with our help we have instructors from the Gothenburg Symphony Orchestra. When the weekend is over, you are guaranteed longing for next time! Every semester, V\u00c4GUS goes on tour and gives concerts for both adults and children.<\/p>\n<p><img loading=\"lazy\" decoding=\"async\" src=\"https:\/\/www.gso.se\/wp-content\/uploads\/2026\/04\/2019-09-30-nordiska-toner-vagus009-foto-thomestifanos1920x1254.jpg\" alt=\"Ungdomar i en symfoniorkester p\u00e5 scenen med st\u00e4mningsfull ljuss\u00e4ttning.\" width=\"1920\" height=\"1254\" class=\"alignnone size-full\" \/><\/p>\n<p>Andreas Hanson works with the Norwegian Conductors\u2019 Program, &#8220;Dirigentl\u00f8ftet&#8221; in Norway, is a teacher in orchestra conducting at the Royal College of Music in Stockholm, and frequently guest conducts with symphony orchestras and opera houses in Scandinavia. He has also been the music director of the Royal Swedish Navy Band.<\/p>\n<p><img loading=\"lazy\" decoding=\"async\" src=\"https:\/\/www.gso.se\/wp-content\/uploads\/2025\/08\/250127-andreas-hansson-vagus-konsert-kimphipps-716a7596-tinaaxelsson-1920x1254.jpg\" alt=\"Dirigent Andreas Hansson pekar med handen mot kameran och ler. Svartvit bild. \" width=\"1920\" height=\"1254\" class=\"alignnone size-large\" \/><\/p>\n","protected":false},"excerpt":{"rendered":"<p>Famous pieces or magnificent symphonies &#8211; in the hands of V\u00c4GUS the music always is performed with the unmistakable desire and energy that has become their special characteristic. The musicians are between the ages of 14 and 23, and for many, V\u00c4GUS becomes a memory for life. Each spring and autumn term, the orchestra gathers<\/p>\n","protected":false},"author":2,"featured_media":0,"parent":51449,"menu_order":0,"comment_status":"closed","ping_status":"closed","template":"templates\/standard-large-image.php","meta":{"_acf_changed":false,"footnotes":""},"class_list":["post-45019","page","type-page","status-publish","hentry"],"acf":[],"publishpress_future_action":{"enabled":false,"date":"2026-05-14 17:21:45","action":"change-status","newStatus":"draft","terms":[],"taxonomy":"translation_priority"},"publishpress_future_workflow_manual_trigger":{"enabledWorkflows":[]},"_links":{"self":[{"href":"https:\/\/www.gso.se\/en\/wp-json\/wp\/v2\/pages\/45019","targetHints":{"allow":["GET"]}}],"collection":[{"href":"https:\/\/www.gso.se\/en\/wp-json\/wp\/v2\/pages"}],"about":[{"href":"https:\/\/www.gso.se\/en\/wp-json\/wp\/v2\/types\/page"}],"author":[{"embeddable":true,"href":"https:\/\/www.gso.se\/en\/wp-json\/wp\/v2\/users\/2"}],"replies":[{"embeddable":true,"href":"https:\/\/www.gso.se\/en\/wp-json\/wp\/v2\/comments?post=45019"}],"version-history":[{"count":16,"href":"https:\/\/www.gso.se\/en\/wp-json\/wp\/v2\/pages\/45019\/revisions"}],"predecessor-version":[{"id":117386,"href":"https:\/\/www.gso.se\/en\/wp-json\/wp\/v2\/pages\/45019\/revisions\/117386"}],"up":[{"embeddable":true,"href":"https:\/\/www.gso.se\/en\/wp-json\/wp\/v2\/pages\/51449"}],"wp:attachment":[{"href":"https:\/\/www.gso.se\/en\/wp-json\/wp\/v2\/media?parent=45019"}],"curies":[{"name":"wp","href":"https:\/\/api.w.org\/{rel}","templated":true}]}}