{"id":65294,"date":"2021-12-06T16:43:06","date_gmt":"2021-12-06T15:43:06","guid":{"rendered":"https:\/\/www.gso.se\/gothenburg-symphony-orchestra\/skivinspelningar-dold-sida-forbereds-till-gso-se-2-0\/"},"modified":"2024-04-12T08:52:24","modified_gmt":"2024-04-12T06:52:24","slug":"recordings","status":"publish","type":"page","link":"https:\/\/www.gso.se\/en\/gothenburg-symphony-orchestra\/the-orchestra\/recordings\/","title":{"rendered":"Recordings"},"content":{"rendered":"<p>Star conductors such as Santtu-Matias Rouvali, Gustavo Dudamel, Kent Nagano and Neeme J\u00e4rvi have recorded albums with us. Other great meetings with strong artists such as H\u00e5kan Hellstr\u00f6m, Avishai Cohen and Jojje Wadenius have also turned out to albums of different kinds.<\/p>\n<p>Almost all of the recordings Gothenburg Symphony Orchestra has made can be found on Spotify.<\/p>\n<p><iframe title=\"Spotify Embed: Gothenburg Symphony Orchestra\" style=\"border-radius: 12px\" width=\"100%\" height=\"352\" frameborder=\"0\" allowfullscreen allow=\"autoplay; clipboard-write; encrypted-media; fullscreen; picture-in-picture\" loading=\"lazy\" src=\"https:\/\/open.spotify.com\/embed\/artist\/1XaPI6thQ3zTKqIU6sCvd2?si=a4AyFJDtSQu9O97JzZi8YQ&#038;utm_source=oembed\"><\/iframe><\/p>\n","protected":false},"excerpt":{"rendered":"<p>Star conductors such as Santtu-Matias Rouvali, Gustavo Dudamel, Kent Nagano and Neeme J\u00e4rvi have recorded albums with us. Other great meetings with strong artists such as H\u00e5kan Hellstr\u00f6m, Avishai Cohen and Jojje Wadenius have also turned out to albums of different kinds. Almost all of the recordings Gothenburg Symphony Orchestra has made can be found<\/p>\n","protected":false},"author":2,"featured_media":0,"parent":3833,"menu_order":0,"comment_status":"closed","ping_status":"closed","template":"templates\/standard-large-image.php","meta":{"_acf_changed":false,"footnotes":""},"class_list":["post-65294","page","type-page","status-publish","hentry"],"acf":[],"publishpress_future_action":{"enabled":false,"date":"2026-05-16 15:12:34","action":"change-status","newStatus":"draft","terms":[],"taxonomy":"translation_priority"},"publishpress_future_workflow_manual_trigger":{"enabledWorkflows":[]},"_links":{"self":[{"href":"https:\/\/www.gso.se\/en\/wp-json\/wp\/v2\/pages\/65294","targetHints":{"allow":["GET"]}}],"collection":[{"href":"https:\/\/www.gso.se\/en\/wp-json\/wp\/v2\/pages"}],"about":[{"href":"https:\/\/www.gso.se\/en\/wp-json\/wp\/v2\/types\/page"}],"author":[{"embeddable":true,"href":"https:\/\/www.gso.se\/en\/wp-json\/wp\/v2\/users\/2"}],"replies":[{"embeddable":true,"href":"https:\/\/www.gso.se\/en\/wp-json\/wp\/v2\/comments?post=65294"}],"version-history":[{"count":10,"href":"https:\/\/www.gso.se\/en\/wp-json\/wp\/v2\/pages\/65294\/revisions"}],"predecessor-version":[{"id":99315,"href":"https:\/\/www.gso.se\/en\/wp-json\/wp\/v2\/pages\/65294\/revisions\/99315"}],"up":[{"embeddable":true,"href":"https:\/\/www.gso.se\/en\/wp-json\/wp\/v2\/pages\/3833"}],"wp:attachment":[{"href":"https:\/\/www.gso.se\/en\/wp-json\/wp\/v2\/media?parent=65294"}],"curies":[{"name":"wp","href":"https:\/\/api.w.org\/{rel}","templated":true}]}}