{"id":65641,"date":"2021-12-15T10:45:18","date_gmt":"2021-12-15T09:45:18","guid":{"rendered":"https:\/\/www.gso.se\/?page_id=65641"},"modified":"2025-03-03T08:50:02","modified_gmt":"2025-03-03T07:50:02","slug":"the-organisation","status":"publish","type":"page","link":"https:\/\/www.gso.se\/en\/the-organisation\/","title":{"rendered":"The organisation"},"content":{"rendered":"<p>G\u00f6teborgs Symfoniker AB is a wholly owned limited company within Region V\u00e4stra G\u00f6taland with the mission of conducting concerts of high international artistic quality that reach and concern many people. The organization houses an orchestra, a vocal ensemble, a solid range of audience experiences, a wide range of youth activities and much, much more.<\/p>\n","protected":false},"excerpt":{"rendered":"<p>G\u00f6teborgs Symfoniker AB is a wholly owned limited company within Region V\u00e4stra G\u00f6taland with the mission of conducting concerts of high international artistic quality that reach and concern many people. The organization houses an orchestra, a vocal ensemble, a solid range of audience experiences, a wide range of youth activities and much, much more.<\/p>\n","protected":false},"author":39,"featured_media":0,"parent":0,"menu_order":0,"comment_status":"closed","ping_status":"closed","template":"templates\/vagvalssida.php","meta":{"_acf_changed":false,"footnotes":""},"class_list":["post-65641","page","type-page","status-publish","hentry"],"acf":[],"publishpress_future_action":{"enabled":false,"date":"2026-05-11 05:07:43","action":"change-status","newStatus":"draft","terms":[],"taxonomy":"translation_priority"},"publishpress_future_workflow_manual_trigger":{"enabledWorkflows":[]},"_links":{"self":[{"href":"https:\/\/www.gso.se\/en\/wp-json\/wp\/v2\/pages\/65641","targetHints":{"allow":["GET"]}}],"collection":[{"href":"https:\/\/www.gso.se\/en\/wp-json\/wp\/v2\/pages"}],"about":[{"href":"https:\/\/www.gso.se\/en\/wp-json\/wp\/v2\/types\/page"}],"author":[{"embeddable":true,"href":"https:\/\/www.gso.se\/en\/wp-json\/wp\/v2\/users\/39"}],"replies":[{"embeddable":true,"href":"https:\/\/www.gso.se\/en\/wp-json\/wp\/v2\/comments?post=65641"}],"version-history":[{"count":13,"href":"https:\/\/www.gso.se\/en\/wp-json\/wp\/v2\/pages\/65641\/revisions"}],"predecessor-version":[{"id":105973,"href":"https:\/\/www.gso.se\/en\/wp-json\/wp\/v2\/pages\/65641\/revisions\/105973"}],"wp:attachment":[{"href":"https:\/\/www.gso.se\/en\/wp-json\/wp\/v2\/media?parent=65641"}],"curies":[{"name":"wp","href":"https:\/\/api.w.org\/{rel}","templated":true}]}}