{"id":69220,"date":"2018-04-24T15:24:51","date_gmt":"2018-04-24T13:24:51","guid":{"rendered":"https:\/\/www.gso.se\/concert-hall\/art-in-the-concerthall\/melodier-vid-torget\/"},"modified":"2025-10-30T13:01:11","modified_gmt":"2025-10-30T12:01:11","slug":"melodies-at-the-square","status":"publish","type":"page","link":"https:\/\/www.gso.se\/en\/gothenburg-concert-hall\/art-in-the-concerthall\/melodies-at-the-square\/","title":{"rendered":"Melodier vid torget ( Melodies at the square)"},"content":{"rendered":"<p>When the Gothenburg Concert Hall was completed, in July 1935, a competition was announced for the decoration of the G\u00f6taplats foyer\u2019s end walls, \u201cal fresco\u201d or in textile. Sven X: et Erixson (1899-1970) was one of the winners with his contribution Music on the square, a fabric that has motifs taken from Spain and Northern Africa. A fiery Spanish dancer, an man playing the harp, two men fiddling with their string instruments and spectators and people are seen moving in a concentrated and bold perspective. The man who plays a banjo-like instrument is said to be Sven Erixson himself, and the fair-haired boy his son.<\/p>\n<p>The model for Melodier vid torget, a cardboard sketch, hangs in front of the entrance to the Stenhammar Chamber Hall. Here you can see how the artwork has been developed and enriched from sketch to finished tapestry. Sven Erixson was known for his colorful works of art and he tried many different design languages during his active life: painting, graphics, glass, fresco, textiles and more.<\/p>\n<p>Performing this weave was a challenge. Due to the size, 6 x 9 m, a special loom had to be made. Several different weaving techniques were also used to do the colours and the detail work justice. The work was led by textile artist Barbro Nilsson, who with six assistants carried out the weaving work 1937-1939 in close contact with the artist. In addition to Sven X:et Erixson, Barbro Nilsson collaborated with artists such as Endre Nemes and Olle Nyman. She was also head teacher of textiles at the School of Art and Design 1947-1957 and artistic director of M\u00e4rta M\u00e5\u00e5s-Fjetterstr\u00f6m\u2019s weaving workshop 1942-1970.<\/p>\n<p>Lars-Erik \u00c5str\u00f6m has described the work in the book Sven Erixson\u2019s art (1967): \u201cIt is not a textile translation of a very complicated painting, it is a wall of life, colour and textile material where everything is purely healthy and alive.\u201d In the spring of 2015, the fabric was cleaned and restored, which gave the colors new luster and life.<\/p>\n","protected":false},"excerpt":{"rendered":"<p>When the Gothenburg Concert Hall was completed, in July 1935, a competition was announced for the decoration of the G\u00f6taplats foyer\u2019s end walls, \u201cal fresco\u201d or in textile. Sven X: et Erixson (1899-1970) was one of the winners with his contribution Music on the square, a fabric that has motifs taken from Spain and Northern<\/p>\n","protected":false},"author":12,"featured_media":0,"parent":3825,"menu_order":0,"comment_status":"closed","ping_status":"closed","template":"templates\/standard-small-image.php","meta":{"_acf_changed":false,"footnotes":""},"class_list":["post-69220","page","type-page","status-publish","hentry"],"acf":[],"publishpress_future_action":{"enabled":false,"date":"2026-05-15 14:55:51","action":"change-status","newStatus":"draft","terms":[],"taxonomy":"translation_priority"},"publishpress_future_workflow_manual_trigger":{"enabledWorkflows":[]},"_links":{"self":[{"href":"https:\/\/www.gso.se\/en\/wp-json\/wp\/v2\/pages\/69220","targetHints":{"allow":["GET"]}}],"collection":[{"href":"https:\/\/www.gso.se\/en\/wp-json\/wp\/v2\/pages"}],"about":[{"href":"https:\/\/www.gso.se\/en\/wp-json\/wp\/v2\/types\/page"}],"author":[{"embeddable":true,"href":"https:\/\/www.gso.se\/en\/wp-json\/wp\/v2\/users\/12"}],"replies":[{"embeddable":true,"href":"https:\/\/www.gso.se\/en\/wp-json\/wp\/v2\/comments?post=69220"}],"version-history":[{"count":8,"href":"https:\/\/www.gso.se\/en\/wp-json\/wp\/v2\/pages\/69220\/revisions"}],"predecessor-version":[{"id":112724,"href":"https:\/\/www.gso.se\/en\/wp-json\/wp\/v2\/pages\/69220\/revisions\/112724"}],"up":[{"embeddable":true,"href":"https:\/\/www.gso.se\/en\/wp-json\/wp\/v2\/pages\/3825"}],"wp:attachment":[{"href":"https:\/\/www.gso.se\/en\/wp-json\/wp\/v2\/media?parent=69220"}],"curies":[{"name":"wp","href":"https:\/\/api.w.org\/{rel}","templated":true}]}}