{"id":69339,"date":"2018-05-04T15:03:07","date_gmt":"2018-05-04T13:03:07","guid":{"rendered":"https:\/\/www.gso.se\/concert-hall\/art-in-the-concerthall\/folkvisan\/"},"modified":"2022-02-08T16:02:59","modified_gmt":"2022-02-08T15:02:59","slug":"folkvisan-the-folk-song","status":"publish","type":"page","link":"https:\/\/www.gso.se\/en\/gothenburg-concert-hall\/art-in-the-concerthall\/folkvisan-the-folk-song\/","title":{"rendered":"Folkvisan (The Folk Song)"},"content":{"rendered":"<p>Painted on damp lime plaster, which makes the picture very light-hardy and durable. The picture is in the G\u00f6taplats foyer and is like a counterpoint to the more hilarious tapestry of Sven X: et Erixson on the wall opposite.<\/p>\n<p>Al fresco technology has been used since the late Middle Ages and is painted with color pigments dissolved in water on moist lime plaster, which means that the pigments combine with the plaster and make the image very light-hardy and durable.<\/p>\n<h4>Otte Sk\u00f6ld\u00a0(1894-1958)<\/h4>\n<p>Painter, illustrator, graphic artist. Otte Sk\u00f6ld (1894-1958) initially painted in a Cubist style but then switched to a more detailed method of presentation. His images of varietal and caf\u00e9 environments are perhaps the ones most associated with him. Together with \u00c5ke Pernby, he created Otte Sk\u00f6ld&#8217;s painting school in 1929. Between 1938-42, Sk\u00f6ld was a professor at the Academy of Fine Arts in Stockholm, where he later also worked as director until 1950. During the years 1950-59, Sk\u00f6ld was director of the National Museum and during this time he became also the first director of the Moderna Museet 1958-60. Sk\u00f6ld is abundantly represented in most major museums in Sweden and the Nordic countries, but also in the collections of various museums in Europe.<\/p>\n<p><em>ca 6,4 x 9,5 m<\/em><\/p>\n<p><em>\u00a9 Otte Sk\u00f6ld \/BUS 2009.<\/em><\/p>\n","protected":false},"excerpt":{"rendered":"<p>Painted on damp lime plaster, which makes the picture very light-hardy and durable. The picture is in the G\u00f6taplats foyer and is like a counterpoint to the more hilarious tapestry of Sven X: et Erixson on the wall opposite. Al fresco technology has been used since the late Middle Ages and is painted with color<\/p>\n","protected":false},"author":12,"featured_media":0,"parent":3825,"menu_order":0,"comment_status":"closed","ping_status":"closed","template":"templates\/standard-small-image.php","meta":{"_acf_changed":false,"footnotes":""},"class_list":["post-69339","page","type-page","status-publish","hentry"],"acf":[],"publishpress_future_action":{"enabled":false,"date":"2026-05-15 14:55:17","action":"change-status","newStatus":"draft","terms":[],"taxonomy":"translation_priority"},"publishpress_future_workflow_manual_trigger":{"enabledWorkflows":[]},"_links":{"self":[{"href":"https:\/\/www.gso.se\/en\/wp-json\/wp\/v2\/pages\/69339","targetHints":{"allow":["GET"]}}],"collection":[{"href":"https:\/\/www.gso.se\/en\/wp-json\/wp\/v2\/pages"}],"about":[{"href":"https:\/\/www.gso.se\/en\/wp-json\/wp\/v2\/types\/page"}],"author":[{"embeddable":true,"href":"https:\/\/www.gso.se\/en\/wp-json\/wp\/v2\/users\/12"}],"replies":[{"embeddable":true,"href":"https:\/\/www.gso.se\/en\/wp-json\/wp\/v2\/comments?post=69339"}],"version-history":[{"count":4,"href":"https:\/\/www.gso.se\/en\/wp-json\/wp\/v2\/pages\/69339\/revisions"}],"predecessor-version":[{"id":76234,"href":"https:\/\/www.gso.se\/en\/wp-json\/wp\/v2\/pages\/69339\/revisions\/76234"}],"up":[{"embeddable":true,"href":"https:\/\/www.gso.se\/en\/wp-json\/wp\/v2\/pages\/3825"}],"wp:attachment":[{"href":"https:\/\/www.gso.se\/en\/wp-json\/wp\/v2\/media?parent=69339"}],"curies":[{"name":"wp","href":"https:\/\/api.w.org\/{rel}","templated":true}]}}