{"id":69406,"date":"2018-08-07T10:34:17","date_gmt":"2018-08-07T08:34:17","guid":{"rendered":"https:\/\/www.gso.se\/concert-hall\/art-in-the-concerthall\/anglar-glasrelief\/"},"modified":"2022-02-08T15:48:46","modified_gmt":"2022-02-08T14:48:46","slug":"anglar-angels","status":"publish","type":"page","link":"https:\/\/www.gso.se\/en\/gothenburg-concert-hall\/art-in-the-concerthall\/anglar-angels\/","title":{"rendered":"\u00c4nglar (Angels)"},"content":{"rendered":"<h4>Vicke Lindstrand (1904-1983)<\/h4>\n<p>Designer, sculptor, visual artist. Education: The Handicraft Association&#8217;s school, Gothenburg. From 1928, Vicke Lindstrand worked at Orrefors glassworks, then artistic director Uppsala-Ekeby 1941-50. From 1950 at Kosta glassworks. Vicke Lindstrand has made several public works, including in the Trinity Church, G\u00e4vle, glass sculptures in Norrk\u00f6ping, Ume\u00e5, V\u00e4xj\u00f6, Stuttgart. Represented: National Museum, R\u00f6hsska Museum, Metropolitan, New York.<\/p>\n<p><em>120 x 26,5 cm<\/em><\/p>\n","protected":false},"excerpt":{"rendered":"<p>Vicke Lindstrand (1904-1983) Designer, sculptor, visual artist. Education: The Handicraft Association&#8217;s school, Gothenburg. From 1928, Vicke Lindstrand worked at Orrefors glassworks, then artistic director Uppsala-Ekeby 1941-50. From 1950 at Kosta glassworks. Vicke Lindstrand has made several public works, including in the Trinity Church, G\u00e4vle, glass sculptures in Norrk\u00f6ping, Ume\u00e5, V\u00e4xj\u00f6, Stuttgart. Represented: National Museum, R\u00f6hsska<\/p>\n","protected":false},"author":12,"featured_media":0,"parent":3825,"menu_order":0,"comment_status":"closed","ping_status":"closed","template":"templates\/standard-small-image.php","meta":{"_acf_changed":false,"footnotes":""},"class_list":["post-69406","page","type-page","status-publish","hentry"],"acf":[],"publishpress_future_action":{"enabled":false,"date":"2026-05-15 14:42:49","action":"change-status","newStatus":"draft","terms":[],"taxonomy":"translation_priority"},"publishpress_future_workflow_manual_trigger":{"enabledWorkflows":[]},"_links":{"self":[{"href":"https:\/\/www.gso.se\/en\/wp-json\/wp\/v2\/pages\/69406","targetHints":{"allow":["GET"]}}],"collection":[{"href":"https:\/\/www.gso.se\/en\/wp-json\/wp\/v2\/pages"}],"about":[{"href":"https:\/\/www.gso.se\/en\/wp-json\/wp\/v2\/types\/page"}],"author":[{"embeddable":true,"href":"https:\/\/www.gso.se\/en\/wp-json\/wp\/v2\/users\/12"}],"replies":[{"embeddable":true,"href":"https:\/\/www.gso.se\/en\/wp-json\/wp\/v2\/comments?post=69406"}],"version-history":[{"count":6,"href":"https:\/\/www.gso.se\/en\/wp-json\/wp\/v2\/pages\/69406\/revisions"}],"predecessor-version":[{"id":76213,"href":"https:\/\/www.gso.se\/en\/wp-json\/wp\/v2\/pages\/69406\/revisions\/76213"}],"up":[{"embeddable":true,"href":"https:\/\/www.gso.se\/en\/wp-json\/wp\/v2\/pages\/3825"}],"wp:attachment":[{"href":"https:\/\/www.gso.se\/en\/wp-json\/wp\/v2\/media?parent=69406"}],"curies":[{"name":"wp","href":"https:\/\/api.w.org\/{rel}","templated":true}]}}