{"id":69465,"date":"2018-08-16T16:07:19","date_gmt":"2018-08-16T14:07:19","guid":{"rendered":"https:\/\/www.gso.se\/concert-hall\/art-in-the-concerthall\/erik-l-magnus-bronsmedaljong\/"},"modified":"2022-02-08T15:59:31","modified_gmt":"2022-02-08T14:59:31","slug":"erik-l-magnus-bronze-medallion","status":"publish","type":"page","link":"https:\/\/www.gso.se\/en\/gothenburg-concert-hall\/art-in-the-concerthall\/erik-l-magnus-bronze-medallion\/","title":{"rendered":"Erik L Magnus"},"content":{"rendered":"<h4>G\u00f6sta Carell (1888-1962)<\/h4>\n<p>G\u00f6sta Carell, born in Stockholm. Sculptor and medal artist. Carell studied at the Technical School in Malm\u00f6 and was employed after finishing school at Sk\u00e5nska Cementgjuteriet&#8217;s studio for facade decorations in 1910. He then studied for a short time for Bissin in Copenhagen. He stayed in America 1913-1920 and worked there at Victor David Brenner&#8217;s medal studio 1916-1919 while studying at Cooper Union and the School of Beaux Arts. He returned to Malm\u00f6 in 1920 and settled in Stockholm in 1922 where he worked with major reliefs for gravediggers, he made his debut as a medal engraver in 1925 with the medal over Frithiof Lennmalm.<\/p>\n<p>Represented: Nationalmuseum, Stockholm, Waldemarsudde, Stockholm, G\u00f6teborgs konstmuseum, Statens Museum for Kunst, Copenhagen, Nasjonalgalleriet, Oslo, m.fl.<\/p>\n<p><em>41,5 cm \u00d8<\/em><\/p>\n","protected":false},"excerpt":{"rendered":"<p>G\u00f6sta Carell (1888-1962) G\u00f6sta Carell, born in Stockholm. Sculptor and medal artist. Carell studied at the Technical School in Malm\u00f6 and was employed after finishing school at Sk\u00e5nska Cementgjuteriet&#8217;s studio for facade decorations in 1910. He then studied for a short time for Bissin in Copenhagen. He stayed in America 1913-1920 and worked there at<\/p>\n","protected":false},"author":12,"featured_media":0,"parent":3825,"menu_order":0,"comment_status":"closed","ping_status":"closed","template":"templates\/standard-small-image.php","meta":{"_acf_changed":false,"footnotes":""},"class_list":["post-69465","page","type-page","status-publish","hentry"],"acf":[],"publishpress_future_action":{"enabled":false,"date":"2026-05-15 14:52:03","action":"change-status","newStatus":"draft","terms":[],"taxonomy":"translation_priority"},"publishpress_future_workflow_manual_trigger":{"enabledWorkflows":[]},"_links":{"self":[{"href":"https:\/\/www.gso.se\/en\/wp-json\/wp\/v2\/pages\/69465","targetHints":{"allow":["GET"]}}],"collection":[{"href":"https:\/\/www.gso.se\/en\/wp-json\/wp\/v2\/pages"}],"about":[{"href":"https:\/\/www.gso.se\/en\/wp-json\/wp\/v2\/types\/page"}],"author":[{"embeddable":true,"href":"https:\/\/www.gso.se\/en\/wp-json\/wp\/v2\/users\/12"}],"replies":[{"embeddable":true,"href":"https:\/\/www.gso.se\/en\/wp-json\/wp\/v2\/comments?post=69465"}],"version-history":[{"count":3,"href":"https:\/\/www.gso.se\/en\/wp-json\/wp\/v2\/pages\/69465\/revisions"}],"predecessor-version":[{"id":76227,"href":"https:\/\/www.gso.se\/en\/wp-json\/wp\/v2\/pages\/69465\/revisions\/76227"}],"up":[{"embeddable":true,"href":"https:\/\/www.gso.se\/en\/wp-json\/wp\/v2\/pages\/3825"}],"wp:attachment":[{"href":"https:\/\/www.gso.se\/en\/wp-json\/wp\/v2\/media?parent=69465"}],"curies":[{"name":"wp","href":"https:\/\/api.w.org\/{rel}","templated":true}]}}