{"id":69484,"date":"2018-08-21T09:53:45","date_gmt":"2018-08-21T07:53:45","guid":{"rendered":"https:\/\/www.gso.se\/concert-hall\/art-in-the-concerthall\/neeme-jarvi-portratt-i-brons\/"},"modified":"2022-02-09T14:22:12","modified_gmt":"2022-02-09T13:22:12","slug":"neeme-jarvi-portrait-bronze","status":"publish","type":"page","link":"https:\/\/www.gso.se\/en\/gothenburg-concert-hall\/art-in-the-concerthall\/neeme-jarvi-portrait-bronze\/","title":{"rendered":"Neeme J\u00e4rvi"},"content":{"rendered":"<p>The portrait bust was ordered as a tribute to Neeme J\u00e4rvi, who played a large part in the Gothenburg Symphony Orchestra being internationally recognized through extensive tours abroad and a large number of recordings that were praised around the world. In addition to Gothenburg, the portrait is also in the Max Fisher Music Center in Detroit and in Tallinn&#8217;s concert hall. The bronze bust is in the foyer of the Great Hall.<\/p>\n<h3>Britt-Marie Jern\u00a0(f 1950)<\/h3>\n<p>The bust is made by Britt-Marie Jern (b. 1950), visual artist, sculptor and graphic artist. She works as an art teacher at Stenebyskolan (HDK Steneby) in Dals-L\u00e5nged and is a university lecturer in visual communication and design at the University of Gothenburg. Britt-Marie Jern was educated at Hovedskous Painting School 1971-1974 and Valand Art School in Gothenburg 1974-1979. She is represented at the Swedish Arts Council, the Gothenburg Art Museum, the Swedish Academy, the Sk\u00f6vde Art Museum and the Swedish Parliament. She has had a large number of solo exhibitions in Sweden and performed a number of public assignments in Gothenburg, Bor\u00e5s, Ulricehamn, M\u00f6lndal, Mark, \u00c5m\u00e5l, Solna, Stavanger and Sk\u00f6vde. Other portrait busts Britt-Marie Jern made include Dan Andersson (J\u00e4rntorget, Gothenburg), Artur Lundkvist and Maria Vine (Solna) and Saint Birgitta (Sk\u00f6vde), respectively.<\/p>\n<p><em>40 x 21 x 28 cm<\/em><\/p>\n<p><em>\u00a9 Britt-Marie Jern \/BUS 2009<\/em><\/p>\n<p><em><a href=\"http:\/\/www.brittmariejern.se\/\">brittmariejern.se<\/a><\/em><\/p>\n","protected":false},"excerpt":{"rendered":"<p>The portrait bust was ordered as a tribute to Neeme J\u00e4rvi, who played a large part in the Gothenburg Symphony Orchestra being internationally recognized through extensive tours abroad and a large number of recordings that were praised around the world. In addition to Gothenburg, the portrait is also in the Max Fisher Music Center in<\/p>\n","protected":false},"author":12,"featured_media":0,"parent":3825,"menu_order":0,"comment_status":"closed","ping_status":"closed","template":"templates\/standard-small-image.php","meta":{"_acf_changed":false,"footnotes":""},"class_list":["post-69484","page","type-page","status-publish","hentry"],"acf":[],"publishpress_future_action":{"enabled":false,"date":"2026-05-15 14:59:06","action":"change-status","newStatus":"draft","terms":[],"taxonomy":"translation_priority"},"publishpress_future_workflow_manual_trigger":{"enabledWorkflows":[]},"_links":{"self":[{"href":"https:\/\/www.gso.se\/en\/wp-json\/wp\/v2\/pages\/69484","targetHints":{"allow":["GET"]}}],"collection":[{"href":"https:\/\/www.gso.se\/en\/wp-json\/wp\/v2\/pages"}],"about":[{"href":"https:\/\/www.gso.se\/en\/wp-json\/wp\/v2\/types\/page"}],"author":[{"embeddable":true,"href":"https:\/\/www.gso.se\/en\/wp-json\/wp\/v2\/users\/12"}],"replies":[{"embeddable":true,"href":"https:\/\/www.gso.se\/en\/wp-json\/wp\/v2\/comments?post=69484"}],"version-history":[{"count":4,"href":"https:\/\/www.gso.se\/en\/wp-json\/wp\/v2\/pages\/69484\/revisions"}],"predecessor-version":[{"id":76339,"href":"https:\/\/www.gso.se\/en\/wp-json\/wp\/v2\/pages\/69484\/revisions\/76339"}],"up":[{"embeddable":true,"href":"https:\/\/www.gso.se\/en\/wp-json\/wp\/v2\/pages\/3825"}],"wp:attachment":[{"href":"https:\/\/www.gso.se\/en\/wp-json\/wp\/v2\/media?parent=69484"}],"curies":[{"name":"wp","href":"https:\/\/api.w.org\/{rel}","templated":true}]}}