{"id":69490,"date":"2018-08-27T09:26:34","date_gmt":"2018-08-27T07:26:34","guid":{"rendered":"https:\/\/www.gso.se\/concert-hall\/art-in-the-concerthall\/gosta-nystroem-bronsbyst\/"},"modified":"2022-02-09T14:49:59","modified_gmt":"2022-02-09T13:49:59","slug":"gosta-nystroem-bronze","status":"publish","type":"page","link":"https:\/\/www.gso.se\/en\/gothenburg-concert-hall\/art-in-the-concerthall\/gosta-nystroem-bronze\/","title":{"rendered":"G\u00f6sta Nystroem"},"content":{"rendered":"<p>Portrait in bronze by the composer G\u00f6sta Nystroem (1890-1966), who has a special place in the history of the Gothenburg Symphony Orchestra. Nanna Johansen-Ullman (1888-1964) created the artwork in 1944.<\/p>\n<p>G\u00f6sta Nystroem was born in Dalarna, grew up in S\u00f6dermanland and received his music education in Stockholm and Copenhagen. After more than a decade in Paris, where he studied for the composers Leonid Sabanejev and Vincent d\u2019Indy and was influenced by his colleagues and pioneers Stravinsky and Debussy, he moved to Gothenburg in the early 1930s with his wife and sculptor Gladys Heyman. Here, of course, he composed and was a reviewer in G\u00f6teborgs Handels- och Sj\u00f6fartstidning.<\/p>\n<p>As early as 1927, some of his songs were performed by Eric Zetterman and the Symphony Orchestra under the direction of Matti Rubinstein in the Concert Hall at Heden. Then followed several works, among them the atmospheric music Ishavet (intended as ballet music for the Swedish Ballet in Paris) in 1928, the tribute piece Ouverture symphonique to the Gothenburg Symphony Orchestra&#8217;s 40th anniversary in 1945 and his most well-known orchestral work Sinfonia del mare (no. 3) in 1949. All six symphonies have been played by the Symphony Orchestra, the last Sinfonia tramontana 1967.<\/p>\n<p>G\u00f6sta Nystr\u00f6m&#8217;s music came to be influenced by the French art music of the time and was mixed with the more Nordic melancholy. He made himself known for his romances and collections such as Songs by the Sea and Soul and Landscape. During his youth he was also active as a visual artist and was one of the first Swedish Cubists. 1934-1936 he worked as curator for Gothenburg Art Gallery.<\/p>\n<h3>Nanna Johansen-Ullman (1888-1964)<\/h3>\n<p>The bust of G\u00f6sta Nystroem was made in 1944 by the Danish artist Nanna Johansen-Ullman (1888-1964), born in Copenhagen. Her father Viggo Johansen was one of the more famous and established artists of that time in Denmark. 1911-1915 she trained as a sculptor at the Academy of Fine Arts in Copenhagen.<\/p>\n<p>In the 1920s, she met the Swedish artist Sigfrid Ullman, whom she later married. In 1929, the couple moved to Gothenburg, where Sigfrid Ullman succeeded Tor Bjurstr\u00f6m as a teacher at Valand&#8217;s painting school until 1938. In 1932, Nanna Johansen-Ullman exhibited at Gothenburg Art Gallery with her husband and in 1946 with Ivan Jordell. She is represented at the National Museum, the Modern Museum, the National Gallery in Oslo and at the Gothenburg Art Museum. Examples of her work are also available at Bergag\u00e5rdsskolan on H\u00f6n\u00f6, in Palmhuset in Tr\u00e4dg\u00e5rdsf\u00f6reningen (fountain) and at Sahlgrenska University Hospital&#8217;s women&#8217;s clinic (Mother and child).<\/p>\n<p><em>40 x 19 x 26 cm (hxdxb)<\/em><\/p>\n","protected":false},"excerpt":{"rendered":"<p>Portrait in bronze by the composer G\u00f6sta Nystroem (1890-1966), who has a special place in the history of the Gothenburg Symphony Orchestra. Nanna Johansen-Ullman (1888-1964) created the artwork in 1944. G\u00f6sta Nystroem was born in Dalarna, grew up in S\u00f6dermanland and received his music education in Stockholm and Copenhagen. After more than a decade in<\/p>\n","protected":false},"author":12,"featured_media":0,"parent":3825,"menu_order":0,"comment_status":"closed","ping_status":"closed","template":"templates\/standard-small-image.php","meta":{"_acf_changed":false,"footnotes":""},"class_list":["post-69490","page","type-page","status-publish","hentry"],"acf":[],"publishpress_future_action":{"enabled":false,"date":"2026-05-15 14:55:01","action":"change-status","newStatus":"draft","terms":[],"taxonomy":"translation_priority"},"publishpress_future_workflow_manual_trigger":{"enabledWorkflows":[]},"_links":{"self":[{"href":"https:\/\/www.gso.se\/en\/wp-json\/wp\/v2\/pages\/69490","targetHints":{"allow":["GET"]}}],"collection":[{"href":"https:\/\/www.gso.se\/en\/wp-json\/wp\/v2\/pages"}],"about":[{"href":"https:\/\/www.gso.se\/en\/wp-json\/wp\/v2\/types\/page"}],"author":[{"embeddable":true,"href":"https:\/\/www.gso.se\/en\/wp-json\/wp\/v2\/users\/12"}],"replies":[{"embeddable":true,"href":"https:\/\/www.gso.se\/en\/wp-json\/wp\/v2\/comments?post=69490"}],"version-history":[{"count":5,"href":"https:\/\/www.gso.se\/en\/wp-json\/wp\/v2\/pages\/69490\/revisions"}],"predecessor-version":[{"id":76360,"href":"https:\/\/www.gso.se\/en\/wp-json\/wp\/v2\/pages\/69490\/revisions\/76360"}],"up":[{"embeddable":true,"href":"https:\/\/www.gso.se\/en\/wp-json\/wp\/v2\/pages\/3825"}],"wp:attachment":[{"href":"https:\/\/www.gso.se\/en\/wp-json\/wp\/v2\/media?parent=69490"}],"curies":[{"name":"wp","href":"https:\/\/api.w.org\/{rel}","templated":true}]}}