{"id":69503,"date":"2018-08-22T14:48:57","date_gmt":"2018-08-22T12:48:57","guid":{"rendered":"https:\/\/www.gso.se\/concert-hall\/art-in-the-concerthall\/strawinskij-portratt-i-brons\/"},"modified":"2026-04-14T10:39:09","modified_gmt":"2026-04-14T08:39:09","slug":"strawinskij-bronze-bust","status":"publish","type":"page","link":"https:\/\/www.gso.se\/en\/gothenburg-concert-hall\/art-in-the-concerthall\/strawinskij-bronze-bust\/","title":{"rendered":"Stravinsky"},"content":{"rendered":"<p>A stylized bronze bust by the composer, pianist and conductor Igor Stravinsky (1882-1971). The artist behind the work is B\u00f6rge Hovedskou (1910-1966).\u00a0The bust can be seen in the foyer of the Great Hall.<\/p>\n<h4>B\u00f6rge Hovedskou\u00a0(1910-1966)<\/h4>\n<p>Konstn\u00e4r och grundare av Hovedskous m\u00e5larskola i G\u00f6teborg. Utbildad vid Kunstakademien i K\u00f6penhamn 1930-1935.<\/p>\n<p><em>Tillh\u00f6r G\u00f6teborgs Stad Kultur<\/em><\/p>\n<p><em>30 x 17 x 23 cm<\/em><\/p>\n","protected":false},"excerpt":{"rendered":"<p>A stylized bronze bust by the composer, pianist and conductor Igor Stravinsky (1882-1971). The artist behind the work is B\u00f6rge Hovedskou (1910-1966).\u00a0The bust can be seen in the foyer of the Great Hall. B\u00f6rge Hovedskou\u00a0(1910-1966) Konstn\u00e4r och grundare av Hovedskous m\u00e5larskola i G\u00f6teborg. Utbildad vid Kunstakademien i K\u00f6penhamn 1930-1935. Tillh\u00f6r G\u00f6teborgs Stad Kultur 30 x<\/p>\n","protected":false},"author":12,"featured_media":0,"parent":3825,"menu_order":0,"comment_status":"closed","ping_status":"closed","template":"templates\/standard-small-image.php","meta":{"_acf_changed":false,"footnotes":""},"class_list":["post-69503","page","type-page","status-publish","hentry"],"acf":[],"publishpress_future_action":{"enabled":false,"date":"2026-05-15 14:42:27","action":"change-status","newStatus":"draft","terms":[],"taxonomy":"translation_priority"},"publishpress_future_workflow_manual_trigger":{"enabledWorkflows":[]},"_links":{"self":[{"href":"https:\/\/www.gso.se\/en\/wp-json\/wp\/v2\/pages\/69503","targetHints":{"allow":["GET"]}}],"collection":[{"href":"https:\/\/www.gso.se\/en\/wp-json\/wp\/v2\/pages"}],"about":[{"href":"https:\/\/www.gso.se\/en\/wp-json\/wp\/v2\/types\/page"}],"author":[{"embeddable":true,"href":"https:\/\/www.gso.se\/en\/wp-json\/wp\/v2\/users\/12"}],"replies":[{"embeddable":true,"href":"https:\/\/www.gso.se\/en\/wp-json\/wp\/v2\/comments?post=69503"}],"version-history":[{"count":6,"href":"https:\/\/www.gso.se\/en\/wp-json\/wp\/v2\/pages\/69503\/revisions"}],"predecessor-version":[{"id":117352,"href":"https:\/\/www.gso.se\/en\/wp-json\/wp\/v2\/pages\/69503\/revisions\/117352"}],"up":[{"embeddable":true,"href":"https:\/\/www.gso.se\/en\/wp-json\/wp\/v2\/pages\/3825"}],"wp:attachment":[{"href":"https:\/\/www.gso.se\/en\/wp-json\/wp\/v2\/media?parent=69503"}],"curies":[{"name":"wp","href":"https:\/\/api.w.org\/{rel}","templated":true}]}}