{"id":69542,"date":"2022-01-25T16:31:15","date_gmt":"2022-01-25T15:31:15","guid":{"rendered":"https:\/\/www.gso.se\/concert-hall\/art-in-the-concerthall\/en-overlevande-fran-warszawa\/"},"modified":"2022-02-14T10:08:55","modified_gmt":"2022-02-14T09:08:55","slug":"en-overlevande-fran-warszawa-a-survivor-from-warsaw","status":"publish","type":"page","link":"https:\/\/www.gso.se\/en\/gothenburg-concert-hall\/art-in-the-concerthall\/en-overlevande-fran-warszawa-a-survivor-from-warsaw\/","title":{"rendered":"En \u00f6verlevande fr\u00e5n Warszawa (A survivor from Warsaw)"},"content":{"rendered":"<p>Figuration of Arnold Sch\u00f6nberg\u2019s cantata \u201cA survivor from Warsaw\u201d, opus 46, sculpted in painted fiberglass. Gudrun Eduards (b. 1935) is the artist behind the work, located outside Stenhammarsalen. The artwork has been donated to the Concert Hal.<\/p>\n<h3>Gudrun Eduards (f\u00a01935)<\/h3>\n<p>Sculptor, born, living and working in Gothenburg. Lived in Mexico City 1958-1964 and performed a major public work in Mexico City. Represented: Gothenburg Art Museum, Statens Konstr\u00e5d, Skissernas Museum, Lund, Frank Perls Gallery, Los Angeles Calif. USA et al.<\/p>\n<p><em>210 x 260 cm<\/em><\/p>\n<p><em>\u00a9 Gudrun Eduards \/BUS 2009<\/em><\/p>\n<p>&nbsp;<\/p>\n","protected":false},"excerpt":{"rendered":"<p>Figuration of Arnold Sch\u00f6nberg\u2019s cantata \u201cA survivor from Warsaw\u201d, opus 46, sculpted in painted fiberglass. Gudrun Eduards (b. 1935) is the artist behind the work, located outside Stenhammarsalen. The artwork has been donated to the Concert Hal. Gudrun Eduards (f\u00a01935) Sculptor, born, living and working in Gothenburg. Lived in Mexico City 1958-1964 and performed a<\/p>\n","protected":false},"author":2,"featured_media":0,"parent":3825,"menu_order":0,"comment_status":"closed","ping_status":"closed","template":"templates\/standard-small-image.php","meta":{"_acf_changed":false,"footnotes":""},"class_list":["post-69542","page","type-page","status-publish","hentry"],"acf":[],"publishpress_future_action":{"enabled":false,"date":"2026-05-15 14:58:39","action":"change-status","newStatus":"draft","terms":[],"taxonomy":"translation_priority"},"publishpress_future_workflow_manual_trigger":{"enabledWorkflows":[]},"_links":{"self":[{"href":"https:\/\/www.gso.se\/en\/wp-json\/wp\/v2\/pages\/69542","targetHints":{"allow":["GET"]}}],"collection":[{"href":"https:\/\/www.gso.se\/en\/wp-json\/wp\/v2\/pages"}],"about":[{"href":"https:\/\/www.gso.se\/en\/wp-json\/wp\/v2\/types\/page"}],"author":[{"embeddable":true,"href":"https:\/\/www.gso.se\/en\/wp-json\/wp\/v2\/users\/2"}],"replies":[{"embeddable":true,"href":"https:\/\/www.gso.se\/en\/wp-json\/wp\/v2\/comments?post=69542"}],"version-history":[{"count":3,"href":"https:\/\/www.gso.se\/en\/wp-json\/wp\/v2\/pages\/69542\/revisions"}],"predecessor-version":[{"id":76607,"href":"https:\/\/www.gso.se\/en\/wp-json\/wp\/v2\/pages\/69542\/revisions\/76607"}],"up":[{"embeddable":true,"href":"https:\/\/www.gso.se\/en\/wp-json\/wp\/v2\/pages\/3825"}],"wp:attachment":[{"href":"https:\/\/www.gso.se\/en\/wp-json\/wp\/v2\/media?parent=69542"}],"curies":[{"name":"wp","href":"https:\/\/api.w.org\/{rel}","templated":true}]}}