{"id":69556,"date":"2018-08-16T15:56:19","date_gmt":"2018-08-16T13:56:19","guid":{"rendered":"https:\/\/www.gso.se\/concert-hall\/art-in-the-concerthall\/cellisten-guido-vecchi-oljemalning\/"},"modified":"2023-09-14T16:50:58","modified_gmt":"2023-09-14T14:50:58","slug":"cellisten-guido-vecchi-cellist-guido-vecchi","status":"publish","type":"page","link":"https:\/\/www.gso.se\/en\/gothenburg-concert-hall\/art-in-the-concerthall\/cellisten-guido-vecchi-cellist-guido-vecchi\/","title":{"rendered":"Cellisten Guido Vecchi (Cellist Guido Vecchi)"},"content":{"rendered":"<p>Guido Vecchi&#8217;s interpretations of newer, Swedish music have received special attention. In 1979, he was appointed an honorary doctor at the Faculty of Arts by the University of Gothenburg.<\/p>\n<p>Guido Vecchi was concertmaster in the cello part of the Gothenburg Symphony Orchestra for 40 years (1936-1976). At the same time he devoted himself to chamber music in smaller ensembles, solo performances and educational activities. His interpretations of newer, Swedish music have received special attention. Among other things, he was part of the so-called Piano Quartet, formed in 1948 by Brita Hjort and consisting of &#8211; in addition to Hjort and Vecchi &#8211; Charles Senderovitz and Sten Broman.<\/p>\n<p>The painting is not on display in the Concert Hall right now.<\/p>\n<h4>Lillemor Tell\u00a0(1920-2010)<\/h4>\n<p>Lillemor Tell, f\u00f6dd 1920 i Stockholm. Studier vid Konstfack, Stockholm, Academie des Beaux Arts , Paris. Ett flertal samlings- och separatutst\u00e4llningar. 1951 gav Lillemor Tell ut boken &#8220;Mitt kvarter i Paris&#8221; som inneh\u00f6ll teckningar fr\u00e5n Paris. Representerad: Nationalmuseum, Stockholm, G\u00f6teborgs konstmuseum, Statens Konstr\u00e5d, Norrk\u00f6pings museum med flera.<\/p>\n<p><em>100 x 96,5 cm<\/em><\/p>\n<p><em>Tillh\u00f6r G\u00f6teborgs Stad<\/em><\/p>\n<p><em>\u00a9 Lillemor Tell \/BUS 2009<\/em><\/p>\n","protected":false},"excerpt":{"rendered":"<p>Guido Vecchi&#8217;s interpretations of newer, Swedish music have received special attention. In 1979, he was appointed an honorary doctor at the Faculty of Arts by the University of Gothenburg. Guido Vecchi was concertmaster in the cello part of the Gothenburg Symphony Orchestra for 40 years (1936-1976). At the same time he devoted himself to chamber<\/p>\n","protected":false},"author":12,"featured_media":0,"parent":3825,"menu_order":0,"comment_status":"closed","ping_status":"closed","template":"templates\/standard-small-image.php","meta":{"_acf_changed":false,"footnotes":""},"class_list":["post-69556","page","type-page","status-publish","hentry"],"acf":[],"publishpress_future_action":{"enabled":false,"date":"2026-05-15 14:52:04","action":"change-status","newStatus":"draft","terms":[],"taxonomy":"translation_priority"},"publishpress_future_workflow_manual_trigger":{"enabledWorkflows":[]},"_links":{"self":[{"href":"https:\/\/www.gso.se\/en\/wp-json\/wp\/v2\/pages\/69556","targetHints":{"allow":["GET"]}}],"collection":[{"href":"https:\/\/www.gso.se\/en\/wp-json\/wp\/v2\/pages"}],"about":[{"href":"https:\/\/www.gso.se\/en\/wp-json\/wp\/v2\/types\/page"}],"author":[{"embeddable":true,"href":"https:\/\/www.gso.se\/en\/wp-json\/wp\/v2\/users\/12"}],"replies":[{"embeddable":true,"href":"https:\/\/www.gso.se\/en\/wp-json\/wp\/v2\/comments?post=69556"}],"version-history":[{"count":5,"href":"https:\/\/www.gso.se\/en\/wp-json\/wp\/v2\/pages\/69556\/revisions"}],"predecessor-version":[{"id":93222,"href":"https:\/\/www.gso.se\/en\/wp-json\/wp\/v2\/pages\/69556\/revisions\/93222"}],"up":[{"embeddable":true,"href":"https:\/\/www.gso.se\/en\/wp-json\/wp\/v2\/pages\/3825"}],"wp:attachment":[{"href":"https:\/\/www.gso.se\/en\/wp-json\/wp\/v2\/media?parent=69556"}],"curies":[{"name":"wp","href":"https:\/\/api.w.org\/{rel}","templated":true}]}}